{"id":7956,"date":"2014-07-04T10:06:07","date_gmt":"2014-07-04T10:06:07","guid":{"rendered":"https:\/\/construction.vamtam.com\/?page_id=7956"},"modified":"2023-02-14T16:36:25","modified_gmt":"2023-02-14T15:36:25","slug":"oferta","status":"publish","type":"page","link":"https:\/\/choren.com.pl\/pl\/oferta\/","title":{"rendered":"Oferta"},"content":{"rendered":"<div class=\"limit-wrapper\"><div class=\"row \"><div class=\"wpv-grid grid-1-1  wpv-first-level first unextended no-extended-padding\" style=\"padding-top:0.05px;padding-bottom:0.05px;\" id=\"wpv-column-a30b1f0c24695bbeb9eec27723d54286\" ><header class=\"page-header\">\n<div class=\"page-header-content\">\n<h1><span class=\"title\">Oferta<\/span><\/h1>\n<\/div>\n<\/header><\/div><\/div><\/div>\n<div class=\"limit-wrapper\"><div class=\"row \"><div class=\"wpv-grid grid-1-1  wpv-first-level first unextended no-extended-padding\" style=\"padding-top:0.05px;padding-bottom:0.05px;\" id=\"wpv-column-5ef47d96e5eaffd3898b71a04da7e66d\" ><div class=\"row \"><div class=\"wpv-grid grid-1-3  first has-background unextended animation-from-left animated-active has-extended-padding\" style=\"\n\t\t\t\tbackground: url( &#039;https:\/\/choren.com.pl\/pl\/wp-content\/uploads\/2022\/12\/bg22.jpg&#039; ) no-repeat center top;\n\t\t\t\tbackground-size: cover;\n\t\t\tbackground-color:#424242;padding-top:0.05px;padding-bottom:40px;\" id=\"wpv-column-0d40024381faae77c81ab24425a8b0a9\" ><style>#wpv-column-0d40024381faae77c81ab24425a8b0a9 p,#wpv-column-0d40024381faae77c81ab24425a8b0a9 em,#wpv-column-0d40024381faae77c81ab24425a8b0a9 h1,#wpv-column-0d40024381faae77c81ab24425a8b0a9 h2,#wpv-column-0d40024381faae77c81ab24425a8b0a9 h3,#wpv-column-0d40024381faae77c81ab24425a8b0a9 h4,#wpv-column-0d40024381faae77c81ab24425a8b0a9 h5,#wpv-column-0d40024381faae77c81ab24425a8b0a9 h6,#wpv-column-0d40024381faae77c81ab24425a8b0a9 .column-title,#wpv-column-0d40024381faae77c81ab24425a8b0a9 .sep-text h2.regular-title-wrapper,#wpv-column-0d40024381faae77c81ab24425a8b0a9 .text-divider-double,#wpv-column-0d40024381faae77c81ab24425a8b0a9 .sep-text .sep-text-line,#wpv-column-0d40024381faae77c81ab24425a8b0a9 .sep,#wpv-column-0d40024381faae77c81ab24425a8b0a9 .sep-2,#wpv-column-0d40024381faae77c81ab24425a8b0a9 .sep-3,#wpv-column-0d40024381faae77c81ab24425a8b0a9 td,#wpv-column-0d40024381faae77c81ab24425a8b0a9 th,#wpv-column-0d40024381faae77c81ab24425a8b0a9 caption{color:#c2c2c2;}#wpv-column-0d40024381faae77c81ab24425a8b0a9:before{background-color:transparent;}<\/style><div class=\"row \"><div class=\"wpv-grid grid-1-1  first unextended no-extended-padding\" style=\"padding-top:0.05px;padding-bottom:0.05px;\" id=\"wpv-column-dfe0575edabd00589faabd4eeafc1657\" ><div class=\"push \" style=\"height:30px\"><\/div>\n<p style=\"text-align: center;\"><span class='icon shortcode   use-hover' style='color:#F0542D;font-size:50px !important;'>&#58093;<\/span>\n<div class=\"push \" style=\"height:10px\"><\/div>\n<h2 style=\"text-align: center; color: #ffffff;\">PROJEKTY TECHNICZNE<\/h2>\n<div class=\"push \" style=\"height:5px\"><\/div>\n<p style=\"text-align: center; color: #ffffff;\">analiza wytrzyma\u0142o\u015bciowa konstrukcji<\/p>\n<p style=\"text-align: center; color: #ffffff;\">stateczno\u015b\u0107<\/p>\n<p style=\"text-align: center; color: #ffffff;\">projektowanie konstrukcji<\/p>\n<div class=\"push \" style=\"height:20px\"><\/div>\n<p style=\"text-align: center; color: #ffffff;\"><p class=\"textcenter\"><a href=\"\/pl\/projekty-techniczne\" target=\"_self\" style='font-size: 16px;' class=\"vamtam-button accent8  button-border hover-accent1 \"><span class=\"btext\" data-text=\"WI\u0118CEJ INFORMACJI\">WI\u0118CEJ INFORMACJI<\/span><\/a><\/p><div class=\"push \" style=\"height:10px\"><\/div><\/div><\/div><\/div>\n<div class=\"wpv-grid grid-1-3  has-background unextended animation-from-left animated-active has-extended-padding\" style=\"\n\t\t\t\tbackground: url( &#039;https:\/\/choren.com.pl\/pl\/wp-content\/uploads\/2022\/12\/bg33.jpg&#039; ) no-repeat center top;\n\t\t\t\tbackground-size: cover;\n\t\t\tbackground-color:#F0542D;padding-top:0.05px;padding-bottom:40px;\" id=\"wpv-column-e3066cc789b83a7be45fd8472be04ab3\" ><style>#wpv-column-e3066cc789b83a7be45fd8472be04ab3 p,#wpv-column-e3066cc789b83a7be45fd8472be04ab3 em,#wpv-column-e3066cc789b83a7be45fd8472be04ab3 h1,#wpv-column-e3066cc789b83a7be45fd8472be04ab3 h2,#wpv-column-e3066cc789b83a7be45fd8472be04ab3 h3,#wpv-column-e3066cc789b83a7be45fd8472be04ab3 h4,#wpv-column-e3066cc789b83a7be45fd8472be04ab3 h5,#wpv-column-e3066cc789b83a7be45fd8472be04ab3 h6,#wpv-column-e3066cc789b83a7be45fd8472be04ab3 .column-title,#wpv-column-e3066cc789b83a7be45fd8472be04ab3 .sep-text h2.regular-title-wrapper,#wpv-column-e3066cc789b83a7be45fd8472be04ab3 .text-divider-double,#wpv-column-e3066cc789b83a7be45fd8472be04ab3 .sep-text .sep-text-line,#wpv-column-e3066cc789b83a7be45fd8472be04ab3 .sep,#wpv-column-e3066cc789b83a7be45fd8472be04ab3 .sep-2,#wpv-column-e3066cc789b83a7be45fd8472be04ab3 .sep-3,#wpv-column-e3066cc789b83a7be45fd8472be04ab3 td,#wpv-column-e3066cc789b83a7be45fd8472be04ab3 th,#wpv-column-e3066cc789b83a7be45fd8472be04ab3 caption{color:#fff;}#wpv-column-e3066cc789b83a7be45fd8472be04ab3:before{background-color:transparent;}<\/style><div class=\"row \"><div class=\"wpv-grid grid-1-1  first unextended no-extended-padding\" style=\"padding-top:0.05px;padding-bottom:0.05px;\" id=\"wpv-column-49f111a0718c97bc3c55773cb66d513e\" ><div class=\"push \" style=\"height:30px\"><\/div>\n<p style=\"text-align: center;\"><span class='icon shortcode theme  use-hover' style='color:#F0542D;font-size:50px !important;'>&#57419;<\/span>\n<div class=\"push \" style=\"height:10px\"><\/div>\n<h2 style=\"text-align: center; color: #ffffff;\">PROJEKTY ROBOCZE<\/h2>\n<div class=\"push \" style=\"height:5px\"><\/div>\n<p style=\"text-align: center; color: #ffffff;\">up\u0142ynnianie kszta\u0142tu<\/p>\n<p style=\"text-align: center; color: #ffffff;\">rysunki warsztatowe<\/p>\n<p style=\"text-align: center; color: #ffffff;\">rozwijanie p\u0142yt poszycia<\/p>\n<div class=\"push \" style=\"height:20px\"><\/div>\n<p style=\"text-align: center; color: #ffffff;\"><p class=\"textcenter\"><a href=\"\/pl\/projekty-robocze\" target=\"_self\" style='font-size: 16px;' class=\"vamtam-button accent8  button-border hover-accent1 \"><span class=\"btext\" data-text=\"WI\u0118CEJ INFORMACJI\">WI\u0118CEJ INFORMACJI<\/span><\/a><\/p>\n<div class=\"push \" style=\"height:10px\"><\/div><\/div><\/div><\/div>\n<div class=\"wpv-grid grid-1-3  has-background unextended animation-from-left animated-active has-extended-padding\" style=\"\n\t\t\t\tbackground: url( &#039;https:\/\/choren.com.pl\/pl\/wp-content\/uploads\/2022\/12\/bg11-1.jpg&#039; )  ;\n\t\t\t\tbackground-size: cover;\n\t\t\tbackground-color:#424242;padding-top:0.05px;padding-bottom:40px;\" id=\"wpv-column-3f81b275fee809a2a22fcb428899b009\" ><style>#wpv-column-3f81b275fee809a2a22fcb428899b009 p,#wpv-column-3f81b275fee809a2a22fcb428899b009 em,#wpv-column-3f81b275fee809a2a22fcb428899b009 h1,#wpv-column-3f81b275fee809a2a22fcb428899b009 h2,#wpv-column-3f81b275fee809a2a22fcb428899b009 h3,#wpv-column-3f81b275fee809a2a22fcb428899b009 h4,#wpv-column-3f81b275fee809a2a22fcb428899b009 h5,#wpv-column-3f81b275fee809a2a22fcb428899b009 h6,#wpv-column-3f81b275fee809a2a22fcb428899b009 .column-title,#wpv-column-3f81b275fee809a2a22fcb428899b009 .sep-text h2.regular-title-wrapper,#wpv-column-3f81b275fee809a2a22fcb428899b009 .text-divider-double,#wpv-column-3f81b275fee809a2a22fcb428899b009 .sep-text .sep-text-line,#wpv-column-3f81b275fee809a2a22fcb428899b009 .sep,#wpv-column-3f81b275fee809a2a22fcb428899b009 .sep-2,#wpv-column-3f81b275fee809a2a22fcb428899b009 .sep-3,#wpv-column-3f81b275fee809a2a22fcb428899b009 td,#wpv-column-3f81b275fee809a2a22fcb428899b009 th,#wpv-column-3f81b275fee809a2a22fcb428899b009 caption{color:#c2c2c2;}#wpv-column-3f81b275fee809a2a22fcb428899b009:before{background-color:transparent;}<\/style><div class=\"row \"><div class=\"wpv-grid grid-1-1  first unextended no-extended-padding\" style=\"padding-top:0.05px;padding-bottom:0.05px;\" id=\"wpv-column-6c5ea0e204b4ac06757cb5a77e151a9c\" ><div class=\"push \" style=\"height:30px\"><\/div>\n<p style=\"text-align: center;\"><span class='icon shortcode theme  use-hover' style='color:#F0542D;font-size:50px !important;'>&#57452;<\/span>\n<div class=\"push \" style=\"height:10px\"><\/div>\n<h2 style=\"text-align: center; color: #ffffff;\">PROJEKTY PRZEBUD\u00d3W<\/h2>\n<div class=\"push \" style=\"height:5px\"><\/div>\n<p style=\"text-align: center; color: #ffffff;\">skany 3D<\/p>\n<p style=\"text-align: center; color: #ffffff;\">digitalizacje dokumentacji papierowej<\/p>\n<p style=\"text-align: center; color: #ffffff;\">integracja starego z nowym<\/p>\n<div class=\"push \" style=\"height:20px\"><\/div>\n<p style=\"text-align: center; color: #ffffff;\"><p class=\"textcenter\"><a href=\"\/pl\/projekty-przebudow\" target=\"_self\" style='font-size: 16px;' class=\"vamtam-button accent8  button-border hover-accent1 \"><span class=\"btext\" data-text=\"WI\u0118CEJ INFORMACJI\">WI\u0118CEJ INFORMACJI<\/span><\/a><\/p><div class=\"push \" style=\"height:10px\"><\/div><\/div><\/div><\/div><\/div><\/div><\/div><\/div>\n<div class=\"push  wpv-hide-lowres\" style=\"height:50px\"><\/div>\n<div class=\"limit-wrapper\"><div class=\"row \"><div class=\"wpv-grid grid-1-1  wpv-first-level first unextended animation-from-bottom animated-active has-extended-padding\" style=\"padding-top:0.05px;padding-bottom:0.05px;\" id=\"wpv-column-94ce26dc7cec705db9723c4ec51eb3c9\" ><div class=\"row \"><div class=\"wpv-grid grid-1-4  first unextended has-extended-padding\" style=\"padding-top:0.05px;padding-bottom:0.05px;\" id=\"wpv-column-493a53d552abc45e0f52d5ea2a7282a9\" ><\/div>\n<div class=\"wpv-grid grid-1-2  unextended no-extended-padding\" style=\"padding-top:0.05px;padding-bottom:0.05px;\" id=\"wpv-column-89431e85dca699032d08a965303e00cb\" >\n<div  data-href=\"\/pl\/kontakt\/\" tabindex=\"1\" data-target=\"_self\" class=\"linkarea clearfix accent7  background-accent5\">\n\t\t\t\t<div class=\"last\"><table>\n<tbody>\n<tr>\n<td><div class=\"push \" style=\"height:10px\"><\/div> <span class='icon shortcode theme  use-hover' style='color:#364352;font-size:42px !important;'>&#57439;<\/span><\/td>\n<td>\n<h3>KONTAKT Z NAMI<\/h3>\n<p>Skontaktuj si\u0119 z nami, a z przyjemno\u015bci\u0105 odpowiemy na wszystkie pytania.<\/td>\n<td><div class=\"push \" style=\"height:30px\"><\/div> <p class=\"textcenter\"><a href=\"kontakt\" target=\"_self\" style='font-size: 14px;' class=\"vamtam-button accent1  button-border hover-accent1 \"><span class=\"btext\" data-text=\"KONTAKT\">KONTAKT<\/span><\/a><\/p><\/td>\n<\/tr>\n<\/tbody>\n<\/table><\/div>\n\t<\/div><\/div><\/div><\/div><\/div><\/div>\n","protected":false},"excerpt":{"rendered":"<p>Oferta PROJEKTY TECHNICZNE analiza wytrzyma\u0142o\u015bciowa konstrukcji stateczno\u015b\u0107 projektowanie konstrukcji PROJEKTY ROBOCZE up\u0142ynnianie kszta\u0142tu rysunki warsztatowe rozwijanie p\u0142yt poszycia PROJEKTY PRZEBUD\u00d3W skany 3D digitalizacje dokumentacji papierowej integracja starego z nowym<\/p>\n","protected":false},"author":1,"featured_media":0,"parent":0,"menu_order":0,"comment_status":"closed","ping_status":"closed","template":"","meta":[],"yoast_head":"<!-- This site is optimized with the Yoast SEO plugin v20.5 - https:\/\/yoast.com\/wordpress\/plugins\/seo\/ -->\n<title>Oferta - CHOREN DESIGN &amp; CONSULTING<\/title>\n<meta name=\"robots\" content=\"index, follow, max-snippet:-1, max-image-preview:large, max-video-preview:-1\" \/>\n<link rel=\"canonical\" href=\"https:\/\/choren.com.pl\/pl\/oferta\/\" \/>\n<meta property=\"og:locale\" content=\"pl_PL\" \/>\n<meta property=\"og:type\" content=\"article\" \/>\n<meta property=\"og:title\" content=\"Oferta - CHOREN DESIGN &amp; CONSULTING\" \/>\n<meta property=\"og:description\" content=\"Oferta PROJEKTY TECHNICZNE analiza wytrzyma\u0142o\u015bciowa konstrukcji stateczno\u015b\u0107 projektowanie konstrukcji PROJEKTY ROBOCZE up\u0142ynnianie kszta\u0142tu rysunki warsztatowe rozwijanie p\u0142yt poszycia PROJEKTY PRZEBUD\u00d3W skany 3D digitalizacje dokumentacji papierowej integracja starego z nowym\" \/>\n<meta property=\"og:url\" content=\"https:\/\/choren.com.pl\/pl\/oferta\/\" \/>\n<meta property=\"og:site_name\" content=\"CHOREN DESIGN &amp; CONSULTING\" \/>\n<meta property=\"article:modified_time\" content=\"2023-02-14T15:36:25+00:00\" \/>\n<meta name=\"twitter:card\" content=\"summary_large_image\" \/>\n<meta name=\"twitter:label1\" content=\"Szacowany czas czytania\" \/>\n\t<meta name=\"twitter:data1\" content=\"3 minuty\" \/>\n<script type=\"application\/ld+json\" class=\"yoast-schema-graph\">{\"@context\":\"https:\/\/schema.org\",\"@graph\":[{\"@type\":\"WebPage\",\"@id\":\"https:\/\/choren.com.pl\/pl\/oferta\/\",\"url\":\"https:\/\/choren.com.pl\/pl\/oferta\/\",\"name\":\"Oferta - CHOREN DESIGN &amp; CONSULTING\",\"isPartOf\":{\"@id\":\"https:\/\/choren.com.pl\/pl\/#website\"},\"datePublished\":\"2014-07-04T10:06:07+00:00\",\"dateModified\":\"2023-02-14T15:36:25+00:00\",\"inLanguage\":\"pl-PL\",\"potentialAction\":[{\"@type\":\"ReadAction\",\"target\":[\"https:\/\/choren.com.pl\/pl\/oferta\/\"]}]},{\"@type\":\"WebSite\",\"@id\":\"https:\/\/choren.com.pl\/pl\/#website\",\"url\":\"https:\/\/choren.com.pl\/pl\/\",\"name\":\"CHOREN DESIGN &amp; CONSULTING\",\"description\":\"\",\"potentialAction\":[{\"@type\":\"SearchAction\",\"target\":{\"@type\":\"EntryPoint\",\"urlTemplate\":\"https:\/\/choren.com.pl\/pl\/?s={search_term_string}\"},\"query-input\":\"required name=search_term_string\"}],\"inLanguage\":\"pl-PL\"}]}<\/script>\n<!-- \/ Yoast SEO plugin. -->","yoast_head_json":{"title":"Oferta - CHOREN DESIGN &amp; CONSULTING","robots":{"index":"index","follow":"follow","max-snippet":"max-snippet:-1","max-image-preview":"max-image-preview:large","max-video-preview":"max-video-preview:-1"},"canonical":"https:\/\/choren.com.pl\/pl\/oferta\/","og_locale":"pl_PL","og_type":"article","og_title":"Oferta - CHOREN DESIGN &amp; CONSULTING","og_description":"Oferta PROJEKTY TECHNICZNE analiza wytrzyma\u0142o\u015bciowa konstrukcji stateczno\u015b\u0107 projektowanie konstrukcji PROJEKTY ROBOCZE up\u0142ynnianie kszta\u0142tu rysunki warsztatowe rozwijanie p\u0142yt poszycia PROJEKTY PRZEBUD\u00d3W skany 3D digitalizacje dokumentacji papierowej integracja starego z nowym","og_url":"https:\/\/choren.com.pl\/pl\/oferta\/","og_site_name":"CHOREN DESIGN &amp; CONSULTING","article_modified_time":"2023-02-14T15:36:25+00:00","twitter_card":"summary_large_image","twitter_misc":{"Szacowany czas czytania":"3 minuty"},"schema":{"@context":"https:\/\/schema.org","@graph":[{"@type":"WebPage","@id":"https:\/\/choren.com.pl\/pl\/oferta\/","url":"https:\/\/choren.com.pl\/pl\/oferta\/","name":"Oferta - CHOREN DESIGN &amp; CONSULTING","isPartOf":{"@id":"https:\/\/choren.com.pl\/pl\/#website"},"datePublished":"2014-07-04T10:06:07+00:00","dateModified":"2023-02-14T15:36:25+00:00","inLanguage":"pl-PL","potentialAction":[{"@type":"ReadAction","target":["https:\/\/choren.com.pl\/pl\/oferta\/"]}]},{"@type":"WebSite","@id":"https:\/\/choren.com.pl\/pl\/#website","url":"https:\/\/choren.com.pl\/pl\/","name":"CHOREN DESIGN &amp; CONSULTING","description":"","potentialAction":[{"@type":"SearchAction","target":{"@type":"EntryPoint","urlTemplate":"https:\/\/choren.com.pl\/pl\/?s={search_term_string}"},"query-input":"required name=search_term_string"}],"inLanguage":"pl-PL"}]}},"_links":{"self":[{"href":"https:\/\/choren.com.pl\/pl\/wp-json\/wp\/v2\/pages\/7956"}],"collection":[{"href":"https:\/\/choren.com.pl\/pl\/wp-json\/wp\/v2\/pages"}],"about":[{"href":"https:\/\/choren.com.pl\/pl\/wp-json\/wp\/v2\/types\/page"}],"author":[{"embeddable":true,"href":"https:\/\/choren.com.pl\/pl\/wp-json\/wp\/v2\/users\/1"}],"replies":[{"embeddable":true,"href":"https:\/\/choren.com.pl\/pl\/wp-json\/wp\/v2\/comments?post=7956"}],"version-history":[{"count":104,"href":"https:\/\/choren.com.pl\/pl\/wp-json\/wp\/v2\/pages\/7956\/revisions"}],"predecessor-version":[{"id":11149,"href":"https:\/\/choren.com.pl\/pl\/wp-json\/wp\/v2\/pages\/7956\/revisions\/11149"}],"wp:attachment":[{"href":"https:\/\/choren.com.pl\/pl\/wp-json\/wp\/v2\/media?parent=7956"}],"curies":[{"name":"wp","href":"https:\/\/api.w.org\/{rel}","templated":true}]}}