{"id":7778,"date":"2014-04-23T10:38:38","date_gmt":"2014-04-23T10:38:38","guid":{"rendered":"https:\/\/construction.vamtam.com\/?page_id=7778"},"modified":"2023-02-14T19:42:24","modified_gmt":"2023-02-14T18:42:24","slug":"o-firmie","status":"publish","type":"page","link":"https:\/\/choren.com.pl\/pl\/o-firmie\/","title":{"rendered":"O firmie"},"content":{"rendered":"<div class=\"push \" style=\"height:30px\"><\/div>\n<div class=\"limit-wrapper\"><div class=\"row \"><div class=\"wpv-grid grid-1-1  wpv-first-level first unextended no-extended-padding\" style=\"padding-top:0.05px;padding-bottom:0.05px;\" id=\"wpv-column-3a2b5a51d175cf68f50c4052c814e7d0\" ><h3 style=\"text-align: center;\">Firma istnieje od 1992 roku.<\/h3>\n<h3 style=\"text-align: center;\">Nasza praca opiera si\u0119 na zrozumieniu potrzeb i wymaga\u0144 klienta.<\/h3>\n<p style=\"text-align: center;\">Jeste\u015bmy zespo\u0142em ludzi, dla kt\u00f3rych wa\u017cny jest rozw\u00f3j, praca nad ciekawymi projektami i tworzenie nowych pomys\u0142\u00f3w.<\/p>\n<p style=\"text-align: center;\">Dobre relacje w naszej firmie przek\u0142adaj\u0105 si\u0119 na efektywn\u0105 prac\u0119 dla naszych klient\u00f3w.<\/div><\/div><\/div>\n<div class=\"push  wpv-hide-lowres\" style=\"height:50px\"><\/div>\n<div class=\"limit-wrapper\"><div class=\"row \"><div class=\"wpv-grid grid-1-1  wpv-first-level first unextended animation-from-bottom animated-active has-extended-padding\" style=\"padding-top:0.05px;padding-bottom:0.05px;\" id=\"wpv-column-d793a1dd806bd5783c34e88c3ca67c0f\" ><div class=\"row \"><div class=\"wpv-grid grid-1-4  first unextended has-extended-padding\" style=\"padding-top:0.05px;padding-bottom:0.05px;\" id=\"wpv-column-8bd5700ded270e173e182e128d75b026\" ><\/div>\n<div class=\"wpv-grid grid-1-2  unextended no-extended-padding\" style=\"padding-top:0.05px;padding-bottom:0.05px;\" id=\"wpv-column-2edc13582c0cc57ad10e30a08a98edc8\" >\n<div  data-href=\"\/projekt\/pl\/kontakt\/\" tabindex=\"1\" data-target=\"_self\" class=\"linkarea clearfix accent7  background-accent5\">\n\t\t\t\t<div class=\"last\"><table>\n<tbody>\n<tr>\n<td><div class=\"push \" style=\"height:10px\"><\/div> <span class='icon shortcode theme  use-hover' style='color:#364352;font-size:42px !important;'>&#57439;<\/span><\/td>\n<td>\n<h3>KONTAKT Z NAMI<\/h3>\n<p>Skontaktuj si\u0119 z nami, a z przyjemno\u015bci\u0105 odpowiemy na wszystkie pytania.<\/td>\n<td><div class=\"push \" style=\"height:30px\"><\/div> <p class=\"textcenter\"><a href=\"kontakt\" target=\"_self\" style='font-size: 14px;' class=\"vamtam-button accent1  button-border hover-accent1 \"><span class=\"btext\" data-text=\"KONTAKT\">KONTAKT<\/span><\/a><\/p><\/td>\n<\/tr>\n<\/tbody>\n<\/table><\/div>\n\t<\/div><\/div><\/div><\/div><\/div><\/div>\n","protected":false},"excerpt":{"rendered":"<p>Firma istnieje od 1992 roku. Nasza praca opiera si\u0119 na zrozumieniu potrzeb i wymaga\u0144 klienta. Jeste\u015bmy zespo\u0142em ludzi, dla kt\u00f3rych wa\u017cny jest rozw\u00f3j, praca nad ciekawymi projektami i tworzenie nowych pomys\u0142\u00f3w. Dobre relacje w naszej firmie przek\u0142adaj\u0105 si\u0119 na efektywn\u0105 prac\u0119 dla naszych klient\u00f3w.<\/p>\n","protected":false},"author":1,"featured_media":0,"parent":0,"menu_order":0,"comment_status":"closed","ping_status":"closed","template":"","meta":[],"yoast_head":"<!-- This site is optimized with the Yoast SEO plugin v20.5 - https:\/\/yoast.com\/wordpress\/plugins\/seo\/ -->\n<title>O firmie - CHOREN DESIGN &amp; CONSULTING<\/title>\n<meta name=\"robots\" content=\"index, follow, max-snippet:-1, max-image-preview:large, max-video-preview:-1\" \/>\n<link rel=\"canonical\" href=\"https:\/\/choren.com.pl\/pl\/o-firmie\/\" \/>\n<meta property=\"og:locale\" content=\"pl_PL\" \/>\n<meta property=\"og:type\" content=\"article\" \/>\n<meta property=\"og:title\" content=\"O firmie - CHOREN DESIGN &amp; CONSULTING\" \/>\n<meta property=\"og:description\" content=\"Firma istnieje od 1992 roku. Nasza praca opiera si\u0119 na zrozumieniu potrzeb i wymaga\u0144 klienta. Jeste\u015bmy zespo\u0142em ludzi, dla kt\u00f3rych wa\u017cny jest rozw\u00f3j, praca nad ciekawymi projektami i tworzenie nowych pomys\u0142\u00f3w. Dobre relacje w naszej firmie przek\u0142adaj\u0105 si\u0119 na efektywn\u0105 prac\u0119 dla naszych klient\u00f3w.\" \/>\n<meta property=\"og:url\" content=\"https:\/\/choren.com.pl\/pl\/o-firmie\/\" \/>\n<meta property=\"og:site_name\" content=\"CHOREN DESIGN &amp; CONSULTING\" \/>\n<meta property=\"article:modified_time\" content=\"2023-02-14T18:42:24+00:00\" \/>\n<meta name=\"twitter:card\" content=\"summary_large_image\" \/>\n<meta name=\"twitter:label1\" content=\"Szacowany czas czytania\" \/>\n\t<meta name=\"twitter:data1\" content=\"2 minuty\" \/>\n<script type=\"application\/ld+json\" class=\"yoast-schema-graph\">{\"@context\":\"https:\/\/schema.org\",\"@graph\":[{\"@type\":\"WebPage\",\"@id\":\"https:\/\/choren.com.pl\/pl\/o-firmie\/\",\"url\":\"https:\/\/choren.com.pl\/pl\/o-firmie\/\",\"name\":\"O firmie - CHOREN DESIGN &amp; CONSULTING\",\"isPartOf\":{\"@id\":\"https:\/\/choren.com.pl\/pl\/#website\"},\"datePublished\":\"2014-04-23T10:38:38+00:00\",\"dateModified\":\"2023-02-14T18:42:24+00:00\",\"inLanguage\":\"pl-PL\",\"potentialAction\":[{\"@type\":\"ReadAction\",\"target\":[\"https:\/\/choren.com.pl\/pl\/o-firmie\/\"]}]},{\"@type\":\"WebSite\",\"@id\":\"https:\/\/choren.com.pl\/pl\/#website\",\"url\":\"https:\/\/choren.com.pl\/pl\/\",\"name\":\"CHOREN DESIGN &amp; CONSULTING\",\"description\":\"\",\"potentialAction\":[{\"@type\":\"SearchAction\",\"target\":{\"@type\":\"EntryPoint\",\"urlTemplate\":\"https:\/\/choren.com.pl\/pl\/?s={search_term_string}\"},\"query-input\":\"required name=search_term_string\"}],\"inLanguage\":\"pl-PL\"}]}<\/script>\n<!-- \/ Yoast SEO plugin. -->","yoast_head_json":{"title":"O firmie - CHOREN DESIGN &amp; CONSULTING","robots":{"index":"index","follow":"follow","max-snippet":"max-snippet:-1","max-image-preview":"max-image-preview:large","max-video-preview":"max-video-preview:-1"},"canonical":"https:\/\/choren.com.pl\/pl\/o-firmie\/","og_locale":"pl_PL","og_type":"article","og_title":"O firmie - CHOREN DESIGN &amp; CONSULTING","og_description":"Firma istnieje od 1992 roku. Nasza praca opiera si\u0119 na zrozumieniu potrzeb i wymaga\u0144 klienta. Jeste\u015bmy zespo\u0142em ludzi, dla kt\u00f3rych wa\u017cny jest rozw\u00f3j, praca nad ciekawymi projektami i tworzenie nowych pomys\u0142\u00f3w. Dobre relacje w naszej firmie przek\u0142adaj\u0105 si\u0119 na efektywn\u0105 prac\u0119 dla naszych klient\u00f3w.","og_url":"https:\/\/choren.com.pl\/pl\/o-firmie\/","og_site_name":"CHOREN DESIGN &amp; CONSULTING","article_modified_time":"2023-02-14T18:42:24+00:00","twitter_card":"summary_large_image","twitter_misc":{"Szacowany czas czytania":"2 minuty"},"schema":{"@context":"https:\/\/schema.org","@graph":[{"@type":"WebPage","@id":"https:\/\/choren.com.pl\/pl\/o-firmie\/","url":"https:\/\/choren.com.pl\/pl\/o-firmie\/","name":"O firmie - CHOREN DESIGN &amp; CONSULTING","isPartOf":{"@id":"https:\/\/choren.com.pl\/pl\/#website"},"datePublished":"2014-04-23T10:38:38+00:00","dateModified":"2023-02-14T18:42:24+00:00","inLanguage":"pl-PL","potentialAction":[{"@type":"ReadAction","target":["https:\/\/choren.com.pl\/pl\/o-firmie\/"]}]},{"@type":"WebSite","@id":"https:\/\/choren.com.pl\/pl\/#website","url":"https:\/\/choren.com.pl\/pl\/","name":"CHOREN DESIGN &amp; CONSULTING","description":"","potentialAction":[{"@type":"SearchAction","target":{"@type":"EntryPoint","urlTemplate":"https:\/\/choren.com.pl\/pl\/?s={search_term_string}"},"query-input":"required name=search_term_string"}],"inLanguage":"pl-PL"}]}},"_links":{"self":[{"href":"https:\/\/choren.com.pl\/pl\/wp-json\/wp\/v2\/pages\/7778"}],"collection":[{"href":"https:\/\/choren.com.pl\/pl\/wp-json\/wp\/v2\/pages"}],"about":[{"href":"https:\/\/choren.com.pl\/pl\/wp-json\/wp\/v2\/types\/page"}],"author":[{"embeddable":true,"href":"https:\/\/choren.com.pl\/pl\/wp-json\/wp\/v2\/users\/1"}],"replies":[{"embeddable":true,"href":"https:\/\/choren.com.pl\/pl\/wp-json\/wp\/v2\/comments?post=7778"}],"version-history":[{"count":59,"href":"https:\/\/choren.com.pl\/pl\/wp-json\/wp\/v2\/pages\/7778\/revisions"}],"predecessor-version":[{"id":11150,"href":"https:\/\/choren.com.pl\/pl\/wp-json\/wp\/v2\/pages\/7778\/revisions\/11150"}],"wp:attachment":[{"href":"https:\/\/choren.com.pl\/pl\/wp-json\/wp\/v2\/media?parent=7778"}],"curies":[{"name":"wp","href":"https:\/\/api.w.org\/{rel}","templated":true}]}}