{"id":11116,"date":"2023-02-14T15:48:29","date_gmt":"2023-02-14T14:48:29","guid":{"rendered":"https:\/\/choren.com.pl\/pl\/?page_id=11116"},"modified":"2023-02-14T15:48:29","modified_gmt":"2023-02-14T14:48:29","slug":"kontakt","status":"publish","type":"page","link":"https:\/\/choren.com.pl\/pl\/kontakt\/","title":{"rendered":"Kontakt"},"content":{"rendered":"<div class=\"limit-wrapper\"><div class=\"row \"><div class=\"wpv-grid grid-1-1  wpv-first-level first unextended has-extended-padding\" style=\"padding-top:0.05px;padding-bottom:0.05px;\" id=\"wpv-column-e3add263e08e68d9f3763c50ae85588e\" ><div class=\"row \"><div class=\"wpv-grid grid-1-1  first unextended no-extended-padding\" style=\"padding-top:0.05px;padding-bottom:0.05px;\" id=\"wpv-column-398d64d0e93834d4641678bcb51a0f3a\" ><h2 class='column-title'>Siedziba g\u0142\u00f3wna<\/h2><div class=\"row \"><div class=\"wpv-grid grid-1-4  first unextended animation-fade-in animated-active no-extended-padding\" style=\"padding-top:0.05px;padding-bottom:0.05px;\" id=\"wpv-column-7d6f52ba0654c68696cea0cf800ee327\" ><p style=\"text-align: center;\"><span class='icon shortcode theme  use-hover' style='color:#F0542D;font-size:32px !important;'>&#57547;<\/span>\n<p style=\"text-align: center;\">Adres:<br \/>\nul. Amundsena 5A\/4<br \/>\n80-288 Gda\u0144sk<br \/>\n<a href=\"https:\/\/www.google.pl\/maps\/place\/Chore%C5%84+Design+%26+Consulting\/@54.3602417,18.5769769,17z\/data=!3m1!4b1!4m5!3m4!1s0x46fd745927a14eab:0x17104f3137cb78a1!8m2!3d54.3602462!4d18.5791746\" target=\"_blank\" rel=\"noopener\">Otw\u00f3rz map\u0119 dojazdu<\/a><\/div>\n<div class=\"wpv-grid grid-1-4  unextended animation-fade-in animated-active no-extended-padding\" style=\"padding-top:0.05px;padding-bottom:0.05px;\" id=\"wpv-column-7501ab1427860fb70dc8de3f92f584ee\" ><p style=\"text-align: center;\"><span class='icon shortcode theme  use-hover' style='color:#F0542D;font-size:32px !important;'>&#57471;<\/span>\n<p style=\"text-align: center; font-family: Arial;\">tel: +48 58 380 05 49<br \/>\ntel: +48 605 042 202<br \/>\ntel: +48 601 637 418<\/div>\n<div class=\"wpv-grid grid-1-4  unextended animation-fade-in animated-active no-extended-padding\" style=\"padding-top:0.05px;padding-bottom:0.05px;\" id=\"wpv-column-e7c4f532904bb3123bccbb415c8c4a96\" ><p style=\"text-align: center;\"><span class='icon shortcode theme  use-hover' style='color:#F0542D;font-size:32px !important;'>&#57563;<\/span>\n<p style=\"text-align: center;\"><a href=\"mailto:choren@choren.com.pl\">choren@choren.com.pl<\/a><br \/>\n<a href=\"mailto:cdc-kl@choren.com.pl\">cdc-kl@choren.com.pl<\/a><\/div>\n<div class=\"wpv-grid grid-1-4  unextended no-extended-padding\" style=\"padding-top:0.05px;padding-bottom:0.05px;\" id=\"wpv-column-c8fc8e17f559ead0b656d9b60d331f5c\" ><p style=\"text-align: center;\"><span class='icon shortcode theme  use-hover' style='color:#F0542D;font-size:32px !important;'>&#57530;<\/span>\n<p style=\"text-align: center;\">poniedzia\u0142ek &#8211; pi\u0105tek: 9:00 \u2013 16:00<br \/>\nsobota: nieczynne<br \/>\nniedziela: nieczynne<\/div><\/div><\/div><\/div>\n<div class=\"push \" style=\"height:40px\"><\/div><\/div><\/div><\/div>\n<div class=\"row \"><div class=\"wpv-grid grid-1-1  wpv-first-level first has-background extended has-extended-padding\" style=\"\n\t\t\t\tbackground: url( &#039;https:\/\/choren.com.pl\/pl\/wp-content\/uploads\/2021\/09\/about_bg_people1.jpg&#039; ) no-repeat center top;\n\t\t\t\tbackground-size: auto;\n\t\t\tbackground-attachment: scroll;background-color:#F0542D;padding-top:40px;padding-bottom:40px;\" id=\"wpv-column-d08219427f016cc5e085536bd432dc1c\" ><div class=\"limit-wrapper\"><div class=\"extended-column-inner\"><style>#wpv-column-d08219427f016cc5e085536bd432dc1c p,#wpv-column-d08219427f016cc5e085536bd432dc1c em,#wpv-column-d08219427f016cc5e085536bd432dc1c h1,#wpv-column-d08219427f016cc5e085536bd432dc1c h2,#wpv-column-d08219427f016cc5e085536bd432dc1c h3,#wpv-column-d08219427f016cc5e085536bd432dc1c h4,#wpv-column-d08219427f016cc5e085536bd432dc1c h5,#wpv-column-d08219427f016cc5e085536bd432dc1c h6,#wpv-column-d08219427f016cc5e085536bd432dc1c .column-title,#wpv-column-d08219427f016cc5e085536bd432dc1c .sep-text h2.regular-title-wrapper,#wpv-column-d08219427f016cc5e085536bd432dc1c .text-divider-double,#wpv-column-d08219427f016cc5e085536bd432dc1c .sep-text .sep-text-line,#wpv-column-d08219427f016cc5e085536bd432dc1c .sep,#wpv-column-d08219427f016cc5e085536bd432dc1c .sep-2,#wpv-column-d08219427f016cc5e085536bd432dc1c .sep-3,#wpv-column-d08219427f016cc5e085536bd432dc1c td,#wpv-column-d08219427f016cc5e085536bd432dc1c th,#wpv-column-d08219427f016cc5e085536bd432dc1c caption{color:#fff;}#wpv-column-d08219427f016cc5e085536bd432dc1c:before{background-color:transparent;}<\/style><div class=\"row \"><div class=\"wpv-grid grid-1-1  first unextended no-extended-padding\" style=\"padding-top:0.05px;padding-bottom:0.05px;\" id=\"wpv-column-9774151f41eb62d2421f5ad778fe3435\" ><p style=\"text-align: center;\"><span class='icon shortcode theme  use-hover' style='color:#ffffff;font-size:40px !important;'>&#57444;<\/span>\n<h2 style=\"text-align: center;\">ZARZ\u0104D<\/h2><\/div><\/div>\n<div class=\"push  wpv-hide-lowres\" style=\"height:20px\"><\/div>\n<div class=\"row \"><div class=\"wpv-grid grid-1-6  first unextended no-extended-padding\" style=\"padding-top:0.05px;padding-bottom:0.05px;\" id=\"wpv-column-5bdf7bb116ba6b5e6e4b0ba55a8de752\" ><div class=\"team-member \">\n\t\t<div class=\"team-member-info\">\n\t\t<h3>\n\t\t\t\t\t\t\t\t\t\t\t\t<\/h3>\n\t\t\t\t\t\t\n\n\t<\/div>\n\t<\/div>\n<\/div>\n<div class=\"wpv-grid grid-1-3  unextended no-extended-padding\" style=\"padding-top:0.05px;padding-bottom:0.05px;\" id=\"wpv-column-3f2a79ac73b66b3a3e1a5f69f264be48\" ><div class=\"team-member \">\n\t\t<div class=\"thumbnail\">\n\t\t\t\t\t<img width=\"553\" height=\"553\" src=\"https:\/\/choren.com.pl\/pl\/wp-content\/uploads\/2022\/12\/zygmunt553.png\" class=\"attachment-full size-full\" alt=\"\" decoding=\"async\" loading=\"lazy\" srcset=\"https:\/\/choren.com.pl\/pl\/wp-content\/uploads\/2022\/12\/zygmunt553.png 553w, https:\/\/choren.com.pl\/pl\/wp-content\/uploads\/2022\/12\/zygmunt553-300x300.png 300w, https:\/\/choren.com.pl\/pl\/wp-content\/uploads\/2022\/12\/zygmunt553-150x150.png 150w, https:\/\/choren.com.pl\/pl\/wp-content\/uploads\/2022\/12\/zygmunt553-60x60.png 60w, https:\/\/choren.com.pl\/pl\/wp-content\/uploads\/2022\/12\/zygmunt553-43x43.png 43w, https:\/\/choren.com.pl\/pl\/wp-content\/uploads\/2022\/12\/zygmunt553-360x360.png 360w, https:\/\/choren.com.pl\/pl\/wp-content\/uploads\/2022\/12\/zygmunt553-262x262.png 262w\" sizes=\"(max-width: 553px) 100vw, 553px\" \/>\t\t\t<\/div>\n\t\t<div class=\"team-member-info\">\n\t\t<h3>\n\t\t\t\t\t\t\tZygmunt Chore\u0144\t\t\t\t\t<\/h3>\n\t\t\t\t\t<h5 class=\"regular-title-wrapper team-member-position\"> W\u0142a\u015bciciel i g\u0142\u00f3wny projektant <\/h5>\n\t\t\t\t\t\t\t\t\t<div><a href=\"mailto:choren@choren.com.pl\" title=\"email Zygmunt Chore\u0144\">choren@choren.com.pl<\/a><\/div>\n\t\t\n\n\t<\/div>\n\t<\/div>\n<\/div>\n<div class=\"wpv-grid grid-1-3  unextended no-extended-padding\" style=\"padding-top:0.05px;padding-bottom:0.05px;\" id=\"wpv-column-bce55ae84d451364ef30e55671e78b60\" ><div class=\"team-member \">\n\t\t<div class=\"thumbnail\">\n\t\t\t\t\t<img width=\"576\" height=\"576\" src=\"https:\/\/choren.com.pl\/pl\/wp-content\/uploads\/2022\/12\/lisiecki2.jpg\" class=\"attachment-full size-full\" alt=\"\" decoding=\"async\" loading=\"lazy\" srcset=\"https:\/\/choren.com.pl\/pl\/wp-content\/uploads\/2022\/12\/lisiecki2.jpg 576w, https:\/\/choren.com.pl\/pl\/wp-content\/uploads\/2022\/12\/lisiecki2-300x300.jpg 300w, https:\/\/choren.com.pl\/pl\/wp-content\/uploads\/2022\/12\/lisiecki2-150x150.jpg 150w, https:\/\/choren.com.pl\/pl\/wp-content\/uploads\/2022\/12\/lisiecki2-60x60.jpg 60w, https:\/\/choren.com.pl\/pl\/wp-content\/uploads\/2022\/12\/lisiecki2-43x43.jpg 43w, https:\/\/choren.com.pl\/pl\/wp-content\/uploads\/2022\/12\/lisiecki2-555x555.jpg 555w, https:\/\/choren.com.pl\/pl\/wp-content\/uploads\/2022\/12\/lisiecki2-360x360.jpg 360w, https:\/\/choren.com.pl\/pl\/wp-content\/uploads\/2022\/12\/lisiecki2-262x262.jpg 262w\" sizes=\"(max-width: 576px) 100vw, 576px\" \/>\t\t\t<\/div>\n\t\t<div class=\"team-member-info\">\n\t\t<h3>\n\t\t\t\t\t\t\tKrzysztof Lisiecki\t\t\t\t\t<\/h3>\n\t\t\t\t\t<h5 class=\"regular-title-wrapper team-member-position\"> Dyrektor zarz\u0105dzaj\u0105cy <\/h5>\n\t\t\t\t\t\t\t\t\t<div><a href=\"mailto:cdc-kl@choren.com.pl\" title=\"email Krzysztof Lisiecki\">cdc-kl@choren.com.pl<\/a><\/div>\n\t\t\n\n\t<\/div>\n\t<\/div>\n<\/div><\/div>\n<div class=\"push  wpv-hide-lowres\" style=\"height:30px\"><\/div><\/div><\/div><\/div><\/div>\n","protected":false},"excerpt":{"rendered":"<p>Adres: ul. Amundsena 5A\/4 80-288 Gda\u0144sk Otw\u00f3rz map\u0119 dojazdu tel: +48 58 380 05 49 tel: +48 605 042 202 tel: +48 601 637 418 choren@choren.com.pl cdc-kl@choren.com.pl poniedzia\u0142ek &#8211; pi\u0105tek: 9:00 \u2013 16:00 sobota: nieczynne niedziela: nieczynne ZARZ\u0104D<\/p>\n","protected":false},"author":1,"featured_media":0,"parent":0,"menu_order":3,"comment_status":"closed","ping_status":"closed","template":"","meta":[],"yoast_head":"<!-- This site is optimized with the Yoast SEO plugin v20.5 - https:\/\/yoast.com\/wordpress\/plugins\/seo\/ -->\n<title>Kontakt - CHOREN DESIGN &amp; CONSULTING<\/title>\n<meta name=\"robots\" content=\"index, follow, max-snippet:-1, max-image-preview:large, max-video-preview:-1\" \/>\n<link rel=\"canonical\" href=\"https:\/\/choren.com.pl\/pl\/kontakt\/\" \/>\n<meta property=\"og:locale\" content=\"pl_PL\" \/>\n<meta property=\"og:type\" content=\"article\" \/>\n<meta property=\"og:title\" content=\"Kontakt - CHOREN DESIGN &amp; CONSULTING\" \/>\n<meta property=\"og:description\" content=\"Adres: ul. Amundsena 5A\/4 80-288 Gda\u0144sk Otw\u00f3rz map\u0119 dojazdu tel: +48 58 380 05 49 tel: +48 605 042 202 tel: +48 601 637 418 choren@choren.com.pl cdc-kl@choren.com.pl poniedzia\u0142ek &#8211; pi\u0105tek: 9:00 \u2013 16:00 sobota: nieczynne niedziela: nieczynne ZARZ\u0104D\" \/>\n<meta property=\"og:url\" content=\"https:\/\/choren.com.pl\/pl\/kontakt\/\" \/>\n<meta property=\"og:site_name\" content=\"CHOREN DESIGN &amp; CONSULTING\" \/>\n<meta name=\"twitter:card\" content=\"summary_large_image\" \/>\n<meta name=\"twitter:label1\" content=\"Szacowany czas czytania\" \/>\n\t<meta name=\"twitter:data1\" content=\"3 minuty\" \/>\n<script type=\"application\/ld+json\" class=\"yoast-schema-graph\">{\"@context\":\"https:\/\/schema.org\",\"@graph\":[{\"@type\":\"WebPage\",\"@id\":\"https:\/\/choren.com.pl\/pl\/kontakt\/\",\"url\":\"https:\/\/choren.com.pl\/pl\/kontakt\/\",\"name\":\"Kontakt - CHOREN DESIGN &amp; CONSULTING\",\"isPartOf\":{\"@id\":\"https:\/\/choren.com.pl\/pl\/#website\"},\"datePublished\":\"2023-02-14T14:48:29+00:00\",\"dateModified\":\"2023-02-14T14:48:29+00:00\",\"inLanguage\":\"pl-PL\",\"potentialAction\":[{\"@type\":\"ReadAction\",\"target\":[\"https:\/\/choren.com.pl\/pl\/kontakt\/\"]}]},{\"@type\":\"WebSite\",\"@id\":\"https:\/\/choren.com.pl\/pl\/#website\",\"url\":\"https:\/\/choren.com.pl\/pl\/\",\"name\":\"CHOREN DESIGN &amp; CONSULTING\",\"description\":\"\",\"potentialAction\":[{\"@type\":\"SearchAction\",\"target\":{\"@type\":\"EntryPoint\",\"urlTemplate\":\"https:\/\/choren.com.pl\/pl\/?s={search_term_string}\"},\"query-input\":\"required name=search_term_string\"}],\"inLanguage\":\"pl-PL\"}]}<\/script>\n<!-- \/ Yoast SEO plugin. -->","yoast_head_json":{"title":"Kontakt - CHOREN DESIGN &amp; CONSULTING","robots":{"index":"index","follow":"follow","max-snippet":"max-snippet:-1","max-image-preview":"max-image-preview:large","max-video-preview":"max-video-preview:-1"},"canonical":"https:\/\/choren.com.pl\/pl\/kontakt\/","og_locale":"pl_PL","og_type":"article","og_title":"Kontakt - CHOREN DESIGN &amp; CONSULTING","og_description":"Adres: ul. Amundsena 5A\/4 80-288 Gda\u0144sk Otw\u00f3rz map\u0119 dojazdu tel: +48 58 380 05 49 tel: +48 605 042 202 tel: +48 601 637 418 choren@choren.com.pl cdc-kl@choren.com.pl poniedzia\u0142ek &#8211; pi\u0105tek: 9:00 \u2013 16:00 sobota: nieczynne niedziela: nieczynne ZARZ\u0104D","og_url":"https:\/\/choren.com.pl\/pl\/kontakt\/","og_site_name":"CHOREN DESIGN &amp; CONSULTING","twitter_card":"summary_large_image","twitter_misc":{"Szacowany czas czytania":"3 minuty"},"schema":{"@context":"https:\/\/schema.org","@graph":[{"@type":"WebPage","@id":"https:\/\/choren.com.pl\/pl\/kontakt\/","url":"https:\/\/choren.com.pl\/pl\/kontakt\/","name":"Kontakt - CHOREN DESIGN &amp; CONSULTING","isPartOf":{"@id":"https:\/\/choren.com.pl\/pl\/#website"},"datePublished":"2023-02-14T14:48:29+00:00","dateModified":"2023-02-14T14:48:29+00:00","inLanguage":"pl-PL","potentialAction":[{"@type":"ReadAction","target":["https:\/\/choren.com.pl\/pl\/kontakt\/"]}]},{"@type":"WebSite","@id":"https:\/\/choren.com.pl\/pl\/#website","url":"https:\/\/choren.com.pl\/pl\/","name":"CHOREN DESIGN &amp; CONSULTING","description":"","potentialAction":[{"@type":"SearchAction","target":{"@type":"EntryPoint","urlTemplate":"https:\/\/choren.com.pl\/pl\/?s={search_term_string}"},"query-input":"required name=search_term_string"}],"inLanguage":"pl-PL"}]}},"_links":{"self":[{"href":"https:\/\/choren.com.pl\/pl\/wp-json\/wp\/v2\/pages\/11116"}],"collection":[{"href":"https:\/\/choren.com.pl\/pl\/wp-json\/wp\/v2\/pages"}],"about":[{"href":"https:\/\/choren.com.pl\/pl\/wp-json\/wp\/v2\/types\/page"}],"author":[{"embeddable":true,"href":"https:\/\/choren.com.pl\/pl\/wp-json\/wp\/v2\/users\/1"}],"replies":[{"embeddable":true,"href":"https:\/\/choren.com.pl\/pl\/wp-json\/wp\/v2\/comments?post=11116"}],"version-history":[{"count":1,"href":"https:\/\/choren.com.pl\/pl\/wp-json\/wp\/v2\/pages\/11116\/revisions"}],"predecessor-version":[{"id":11125,"href":"https:\/\/choren.com.pl\/pl\/wp-json\/wp\/v2\/pages\/11116\/revisions\/11125"}],"wp:attachment":[{"href":"https:\/\/choren.com.pl\/pl\/wp-json\/wp\/v2\/media?parent=11116"}],"curies":[{"name":"wp","href":"https:\/\/api.w.org\/{rel}","templated":true}]}}