{"id":10940,"date":"2022-12-20T13:19:51","date_gmt":"2022-12-20T12:19:51","guid":{"rendered":"https:\/\/choren.com.pl\/pl\/?page_id=10940"},"modified":"2023-01-23T18:10:05","modified_gmt":"2023-01-23T17:10:05","slug":"projekty-przebudow","status":"publish","type":"page","link":"https:\/\/choren.com.pl\/pl\/oferta\/projekty-przebudow\/","title":{"rendered":"Projekty przebud\u00f3w"},"content":{"rendered":"<div class=\"limit-wrapper\"><div class=\"row \"><div class=\"wpv-grid grid-1-1  wpv-first-level first unextended has-extended-padding\" style=\"padding-top:0.05px;padding-bottom:0.05px;\" id=\"wpv-column-d9d36b28b33c807d96ef9e2e1cf2a11e\" ><div class=\"row \"><div class=\"wpv-grid grid-1-1  first unextended no-extended-padding\" style=\"padding-top:0.05px;padding-bottom:0.05px;\" id=\"wpv-column-8dda3fabd09b9bef18d3a677ddd368e9\" ><h2>Przebudowa \u017caglowca \u201eZEW-II\u201d na \u017caglowiec KAISEI<\/h2><\/div><\/div>\n<div class=\"row \"><div class=\"wpv-grid grid-2-3  first unextended no-extended-padding\" style=\"padding-top:0.05px;padding-bottom:0.05px;\" id=\"wpv-column-436f5ff9210cba1f6b7847866de42934\" ><p><img decoding=\"async\" loading=\"lazy\" width=\"401\" height=\"336\" class=\"alignnone size-full wp-image-10974\" style=\"width: 100%;\" src=\"https:\/\/choren.com.pl\/pl\/wp-content\/uploads\/2022\/12\/Kaisei-1.jpg\" alt=\"\" srcset=\"https:\/\/choren.com.pl\/pl\/wp-content\/uploads\/2022\/12\/Kaisei-1.jpg 401w, https:\/\/choren.com.pl\/pl\/wp-content\/uploads\/2022\/12\/Kaisei-1-300x251.jpg 300w, https:\/\/choren.com.pl\/pl\/wp-content\/uploads\/2022\/12\/Kaisei-1-360x302.jpg 360w, https:\/\/choren.com.pl\/pl\/wp-content\/uploads\/2022\/12\/Kaisei-1-262x220.jpg 262w\" sizes=\"(max-width: 401px) 100vw, 401px\" \/><\/div><\/div><\/div><\/div><\/div>\n<div class=\"limit-wrapper\"><div class=\"sep\"><\/div><\/div>\n<div class=\"limit-wrapper\"><div class=\"row \"><div class=\"wpv-grid grid-1-1  wpv-first-level first unextended has-extended-padding\" style=\"padding-top:0.05px;padding-bottom:0.05px;\" id=\"wpv-column-eec3d418d38925a9a50a3cbade2b2faf\" ><div class=\"row \"><div class=\"wpv-grid grid-1-1  first unextended no-extended-padding\" style=\"padding-top:0.05px;padding-bottom:0.05px;\" id=\"wpv-column-72b4a7250fc1a90a14cefdb0f539f9de\" ><h2>Projekt rekonstrukcji wyposa\u017cenia \u017caglowca \u201eMALCOLM MILLER&#8221;<\/h2><\/div><\/div>\n<div class=\"row \"><div class=\"wpv-grid grid-2-3  first unextended no-extended-padding\" style=\"padding-top:0.05px;padding-bottom:0.05px;\" id=\"wpv-column-947e7f3abf3a6bb4e085c808a3c447ed\" ><p><img decoding=\"async\" loading=\"lazy\" class=\"alignnone size-full wp-image-11005\" src=\"https:\/\/choren.com.pl\/pl\/wp-content\/uploads\/2022\/12\/Malcolm-Miller.jpg\" alt=\"\" width=\"2560\" height=\"1920\" srcset=\"https:\/\/choren.com.pl\/pl\/wp-content\/uploads\/2022\/12\/Malcolm-Miller.jpg 2560w, https:\/\/choren.com.pl\/pl\/wp-content\/uploads\/2022\/12\/Malcolm-Miller-300x225.jpg 300w, https:\/\/choren.com.pl\/pl\/wp-content\/uploads\/2022\/12\/Malcolm-Miller-1024x768.jpg 1024w, https:\/\/choren.com.pl\/pl\/wp-content\/uploads\/2022\/12\/Malcolm-Miller-768x576.jpg 768w, https:\/\/choren.com.pl\/pl\/wp-content\/uploads\/2022\/12\/Malcolm-Miller-1536x1152.jpg 1536w, https:\/\/choren.com.pl\/pl\/wp-content\/uploads\/2022\/12\/Malcolm-Miller-2048x1536.jpg 2048w, https:\/\/choren.com.pl\/pl\/wp-content\/uploads\/2022\/12\/Malcolm-Miller-800x600.jpg 800w, https:\/\/choren.com.pl\/pl\/wp-content\/uploads\/2022\/12\/Malcolm-Miller-1140x855.jpg 1140w, https:\/\/choren.com.pl\/pl\/wp-content\/uploads\/2022\/12\/Malcolm-Miller-555x416.jpg 555w, https:\/\/choren.com.pl\/pl\/wp-content\/uploads\/2022\/12\/Malcolm-Miller-360x270.jpg 360w, https:\/\/choren.com.pl\/pl\/wp-content\/uploads\/2022\/12\/Malcolm-Miller-262x197.jpg 262w\" sizes=\"(max-width: 2560px) 100vw, 2560px\" \/><\/div><\/div><\/div><\/div><\/div>\n<div class=\"limit-wrapper\"><div class=\"sep\"><\/div><\/div>\n<div class=\"limit-wrapper\"><div class=\"row \"><div class=\"wpv-grid grid-1-1  wpv-first-level first unextended has-extended-padding\" style=\"padding-top:0.05px;padding-bottom:0.05px;\" id=\"wpv-column-5a066b03f5672a28416b5429d59cb9ab\" ><div class=\"row \"><div class=\"wpv-grid grid-1-1  first unextended no-extended-padding\" style=\"padding-top:0.05px;padding-bottom:0.05px;\" id=\"wpv-column-858b728ebf33a1c452489a47f10ba791\" ><h2><\/h2>\n<h2>Projekt techniczny i roboczy przed\u0142u\u017cenia TSHD \u201eSWALINGE\u201d o 37,1m<\/h2><\/div><\/div>\n<div class=\"row \"><div class=\"wpv-grid grid-2-3  first unextended no-extended-padding\" style=\"padding-top:0.05px;padding-bottom:0.05px;\" id=\"wpv-column-4a229641daf07bfe579a5650a036c2e5\" ><p><img decoding=\"async\" loading=\"lazy\" width=\"1473\" height=\"471\" class=\"alignnone size-full wp-image-10987\" style=\"width: 100%;\" src=\"https:\/\/choren.com.pl\/pl\/wp-content\/uploads\/2022\/12\/IMG-20220125-WA0012_01.gif\" alt=\"\" \/> <img decoding=\"async\" loading=\"lazy\" width=\"1526\" height=\"961\" class=\"alignnone size-full wp-image-10988\" style=\"width: 100%;\" src=\"https:\/\/choren.com.pl\/pl\/wp-content\/uploads\/2022\/12\/Model-3D.jpg\" alt=\"\" srcset=\"https:\/\/choren.com.pl\/pl\/wp-content\/uploads\/2022\/12\/Model-3D.jpg 1526w, https:\/\/choren.com.pl\/pl\/wp-content\/uploads\/2022\/12\/Model-3D-300x189.jpg 300w, https:\/\/choren.com.pl\/pl\/wp-content\/uploads\/2022\/12\/Model-3D-1024x645.jpg 1024w, https:\/\/choren.com.pl\/pl\/wp-content\/uploads\/2022\/12\/Model-3D-768x484.jpg 768w, https:\/\/choren.com.pl\/pl\/wp-content\/uploads\/2022\/12\/Model-3D-800x504.jpg 800w, https:\/\/choren.com.pl\/pl\/wp-content\/uploads\/2022\/12\/Model-3D-1140x718.jpg 1140w, https:\/\/choren.com.pl\/pl\/wp-content\/uploads\/2022\/12\/Model-3D-555x350.jpg 555w, https:\/\/choren.com.pl\/pl\/wp-content\/uploads\/2022\/12\/Model-3D-360x227.jpg 360w, https:\/\/choren.com.pl\/pl\/wp-content\/uploads\/2022\/12\/Model-3D-262x165.jpg 262w\" sizes=\"(max-width: 1526px) 100vw, 1526px\" \/> <img decoding=\"async\" loading=\"lazy\" width=\"1080\" height=\"607\" class=\"alignnone size-full wp-image-10986\" style=\"width: 100%;\" src=\"https:\/\/choren.com.pl\/pl\/wp-content\/uploads\/2022\/12\/image_d45e351e-becf-4590-a3b4-745432a49b6120221016_150157.jpg\" alt=\"\" srcset=\"https:\/\/choren.com.pl\/pl\/wp-content\/uploads\/2022\/12\/image_d45e351e-becf-4590-a3b4-745432a49b6120221016_150157.jpg 1080w, https:\/\/choren.com.pl\/pl\/wp-content\/uploads\/2022\/12\/image_d45e351e-becf-4590-a3b4-745432a49b6120221016_150157-300x169.jpg 300w, https:\/\/choren.com.pl\/pl\/wp-content\/uploads\/2022\/12\/image_d45e351e-becf-4590-a3b4-745432a49b6120221016_150157-1024x576.jpg 1024w, https:\/\/choren.com.pl\/pl\/wp-content\/uploads\/2022\/12\/image_d45e351e-becf-4590-a3b4-745432a49b6120221016_150157-768x432.jpg 768w, https:\/\/choren.com.pl\/pl\/wp-content\/uploads\/2022\/12\/image_d45e351e-becf-4590-a3b4-745432a49b6120221016_150157-800x450.jpg 800w, https:\/\/choren.com.pl\/pl\/wp-content\/uploads\/2022\/12\/image_d45e351e-becf-4590-a3b4-745432a49b6120221016_150157-555x312.jpg 555w, https:\/\/choren.com.pl\/pl\/wp-content\/uploads\/2022\/12\/image_d45e351e-becf-4590-a3b4-745432a49b6120221016_150157-360x202.jpg 360w, https:\/\/choren.com.pl\/pl\/wp-content\/uploads\/2022\/12\/image_d45e351e-becf-4590-a3b4-745432a49b6120221016_150157-262x147.jpg 262w\" sizes=\"(max-width: 1080px) 100vw, 1080px\" \/><\/div><\/div><\/div><\/div><\/div>\n","protected":false},"excerpt":{"rendered":"<p>Przebudowa \u017caglowca \u201eZEW-II\u201d na \u017caglowiec KAISEI Projekt rekonstrukcji wyposa\u017cenia \u017caglowca \u201eMALCOLM MILLER&#8221; Projekt techniczny i roboczy przed\u0142u\u017cenia TSHD \u201eSWALINGE\u201d o 37,1m<\/p>\n","protected":false},"author":1,"featured_media":0,"parent":7956,"menu_order":0,"comment_status":"closed","ping_status":"closed","template":"","meta":[],"yoast_head":"<!-- This site is optimized with the Yoast SEO plugin v20.5 - https:\/\/yoast.com\/wordpress\/plugins\/seo\/ -->\n<title>Projekty przebud\u00f3w - CHOREN DESIGN &amp; CONSULTING<\/title>\n<meta name=\"robots\" content=\"index, follow, max-snippet:-1, max-image-preview:large, max-video-preview:-1\" \/>\n<link rel=\"canonical\" href=\"https:\/\/choren.com.pl\/pl\/oferta\/projekty-przebudow\/\" \/>\n<meta property=\"og:locale\" content=\"pl_PL\" \/>\n<meta property=\"og:type\" content=\"article\" \/>\n<meta property=\"og:title\" content=\"Projekty przebud\u00f3w - CHOREN DESIGN &amp; CONSULTING\" \/>\n<meta property=\"og:description\" content=\"Przebudowa \u017caglowca \u201eZEW-II\u201d na \u017caglowiec KAISEI Projekt rekonstrukcji wyposa\u017cenia \u017caglowca \u201eMALCOLM MILLER&#8221; Projekt techniczny i roboczy przed\u0142u\u017cenia TSHD \u201eSWALINGE\u201d o 37,1m\" \/>\n<meta property=\"og:url\" content=\"https:\/\/choren.com.pl\/pl\/oferta\/projekty-przebudow\/\" \/>\n<meta property=\"og:site_name\" content=\"CHOREN DESIGN &amp; CONSULTING\" \/>\n<meta property=\"article:modified_time\" content=\"2023-01-23T17:10:05+00:00\" \/>\n<meta property=\"og:image\" content=\"https:\/\/choren.com.pl\/pl\/wp-content\/uploads\/2022\/12\/Kaisei-1.jpg\" \/>\n<meta name=\"twitter:card\" content=\"summary_large_image\" \/>\n<meta name=\"twitter:label1\" content=\"Szacowany czas czytania\" \/>\n\t<meta name=\"twitter:data1\" content=\"2 minuty\" \/>\n<script type=\"application\/ld+json\" class=\"yoast-schema-graph\">{\"@context\":\"https:\/\/schema.org\",\"@graph\":[{\"@type\":\"WebPage\",\"@id\":\"https:\/\/choren.com.pl\/pl\/oferta\/projekty-przebudow\/\",\"url\":\"https:\/\/choren.com.pl\/pl\/oferta\/projekty-przebudow\/\",\"name\":\"Projekty przebud\u00f3w - CHOREN DESIGN &amp; CONSULTING\",\"isPartOf\":{\"@id\":\"https:\/\/choren.com.pl\/pl\/#website\"},\"datePublished\":\"2022-12-20T12:19:51+00:00\",\"dateModified\":\"2023-01-23T17:10:05+00:00\",\"breadcrumb\":{\"@id\":\"https:\/\/choren.com.pl\/pl\/oferta\/projekty-przebudow\/#breadcrumb\"},\"inLanguage\":\"pl-PL\",\"potentialAction\":[{\"@type\":\"ReadAction\",\"target\":[\"https:\/\/choren.com.pl\/pl\/oferta\/projekty-przebudow\/\"]}]},{\"@type\":\"BreadcrumbList\",\"@id\":\"https:\/\/choren.com.pl\/pl\/oferta\/projekty-przebudow\/#breadcrumb\",\"itemListElement\":[{\"@type\":\"ListItem\",\"position\":1,\"name\":\"Oferta\",\"item\":\"https:\/\/choren.com.pl\/pl\/oferta\/\"},{\"@type\":\"ListItem\",\"position\":2,\"name\":\"Projekty przebud\u00f3w\"}]},{\"@type\":\"WebSite\",\"@id\":\"https:\/\/choren.com.pl\/pl\/#website\",\"url\":\"https:\/\/choren.com.pl\/pl\/\",\"name\":\"CHOREN DESIGN &amp; CONSULTING\",\"description\":\"\",\"potentialAction\":[{\"@type\":\"SearchAction\",\"target\":{\"@type\":\"EntryPoint\",\"urlTemplate\":\"https:\/\/choren.com.pl\/pl\/?s={search_term_string}\"},\"query-input\":\"required name=search_term_string\"}],\"inLanguage\":\"pl-PL\"}]}<\/script>\n<!-- \/ Yoast SEO plugin. -->","yoast_head_json":{"title":"Projekty przebud\u00f3w - CHOREN DESIGN &amp; CONSULTING","robots":{"index":"index","follow":"follow","max-snippet":"max-snippet:-1","max-image-preview":"max-image-preview:large","max-video-preview":"max-video-preview:-1"},"canonical":"https:\/\/choren.com.pl\/pl\/oferta\/projekty-przebudow\/","og_locale":"pl_PL","og_type":"article","og_title":"Projekty przebud\u00f3w - CHOREN DESIGN &amp; CONSULTING","og_description":"Przebudowa \u017caglowca \u201eZEW-II\u201d na \u017caglowiec KAISEI Projekt rekonstrukcji wyposa\u017cenia \u017caglowca \u201eMALCOLM MILLER&#8221; Projekt techniczny i roboczy przed\u0142u\u017cenia TSHD \u201eSWALINGE\u201d o 37,1m","og_url":"https:\/\/choren.com.pl\/pl\/oferta\/projekty-przebudow\/","og_site_name":"CHOREN DESIGN &amp; CONSULTING","article_modified_time":"2023-01-23T17:10:05+00:00","og_image":[{"url":"https:\/\/choren.com.pl\/pl\/wp-content\/uploads\/2022\/12\/Kaisei-1.jpg"}],"twitter_card":"summary_large_image","twitter_misc":{"Szacowany czas czytania":"2 minuty"},"schema":{"@context":"https:\/\/schema.org","@graph":[{"@type":"WebPage","@id":"https:\/\/choren.com.pl\/pl\/oferta\/projekty-przebudow\/","url":"https:\/\/choren.com.pl\/pl\/oferta\/projekty-przebudow\/","name":"Projekty przebud\u00f3w - CHOREN DESIGN &amp; CONSULTING","isPartOf":{"@id":"https:\/\/choren.com.pl\/pl\/#website"},"datePublished":"2022-12-20T12:19:51+00:00","dateModified":"2023-01-23T17:10:05+00:00","breadcrumb":{"@id":"https:\/\/choren.com.pl\/pl\/oferta\/projekty-przebudow\/#breadcrumb"},"inLanguage":"pl-PL","potentialAction":[{"@type":"ReadAction","target":["https:\/\/choren.com.pl\/pl\/oferta\/projekty-przebudow\/"]}]},{"@type":"BreadcrumbList","@id":"https:\/\/choren.com.pl\/pl\/oferta\/projekty-przebudow\/#breadcrumb","itemListElement":[{"@type":"ListItem","position":1,"name":"Oferta","item":"https:\/\/choren.com.pl\/pl\/oferta\/"},{"@type":"ListItem","position":2,"name":"Projekty przebud\u00f3w"}]},{"@type":"WebSite","@id":"https:\/\/choren.com.pl\/pl\/#website","url":"https:\/\/choren.com.pl\/pl\/","name":"CHOREN DESIGN &amp; CONSULTING","description":"","potentialAction":[{"@type":"SearchAction","target":{"@type":"EntryPoint","urlTemplate":"https:\/\/choren.com.pl\/pl\/?s={search_term_string}"},"query-input":"required name=search_term_string"}],"inLanguage":"pl-PL"}]}},"_links":{"self":[{"href":"https:\/\/choren.com.pl\/pl\/wp-json\/wp\/v2\/pages\/10940"}],"collection":[{"href":"https:\/\/choren.com.pl\/pl\/wp-json\/wp\/v2\/pages"}],"about":[{"href":"https:\/\/choren.com.pl\/pl\/wp-json\/wp\/v2\/types\/page"}],"author":[{"embeddable":true,"href":"https:\/\/choren.com.pl\/pl\/wp-json\/wp\/v2\/users\/1"}],"replies":[{"embeddable":true,"href":"https:\/\/choren.com.pl\/pl\/wp-json\/wp\/v2\/comments?post=10940"}],"version-history":[{"count":12,"href":"https:\/\/choren.com.pl\/pl\/wp-json\/wp\/v2\/pages\/10940\/revisions"}],"predecessor-version":[{"id":11048,"href":"https:\/\/choren.com.pl\/pl\/wp-json\/wp\/v2\/pages\/10940\/revisions\/11048"}],"up":[{"embeddable":true,"href":"https:\/\/choren.com.pl\/pl\/wp-json\/wp\/v2\/pages\/7956"}],"wp:attachment":[{"href":"https:\/\/choren.com.pl\/pl\/wp-json\/wp\/v2\/media?parent=10940"}],"curies":[{"name":"wp","href":"https:\/\/api.w.org\/{rel}","templated":true}]}}